{"id":447,"date":"2024-05-10T10:34:43","date_gmt":"2024-05-10T10:34:43","guid":{"rendered":"https:\/\/cryptotact.net\/contactez-nous\/"},"modified":"2024-12-19T09:14:08","modified_gmt":"2024-12-19T09:14:08","slug":"contactez-nous","status":"publish","type":"page","link":"https:\/\/cryptotact.net\/fr\/contactez-nous\/","title":{"rendered":"Contactez nous"},"content":{"rendered":"\n<h1 class=\"wp-block-heading\">Contactez nous<\/h1>\n\n<div class=\"wp-block-columns is-layout-flex wp-container-core-columns-is-layout-9d6595d7 wp-block-columns-is-layout-flex\">\n<div class=\"wp-block-column is-layout-flow wp-block-column-is-layout-flow\">\r\n\r\n<div class=\"info_block\" id=\"info_block-block_4db11ef137bff4658ae2c2360fd99d8b\">\r\n    <p><span style=\"font-weight: 400;\">Nous appr\u00e9cions vos commentaires, vos questions et vos demandes.<br \/>\nL&rsquo;\u00e9quipe de CryptoTact est l\u00e0 pour vous aider \u00e0 chaque \u00e9tape.<br \/>\nQue vous ayez une question technique, que vous ayez besoin d&rsquo;aide pour ouvrir un compte ou que vous souhaitiez simplement partager votre exp\u00e9rience avec nous, nous sommes pr\u00eats \u00e0 vous \u00e9couter et \u00e0 vous aider.  <\/span><\/p>\n<\/div>\r\n\r\n<style>\r\n.info_block {\r\n  position: relative;\r\n  display: block;\r\n  width: 100%;\r\n  margin: 40px auto;\r\n  padding: 13px 16px;\r\n  border-radius: 10px;\r\n  background: rgb(0,0,0);\r\n}\r\n.info_block h3 {\r\n  font-size: 1em;\r\n  color: ;\r\n  font-weight: 500;\r\n}\r\n<\/style><\/div>\n\n\n\n<div class=\"wp-block-column is-layout-flow wp-block-column-is-layout-flow\">\n<h2 class=\"wp-block-heading\">Vous pouvez nous contacter par les canaux suivants :<\/h2>\n\n\n\n<ol class=\"wp-block-list\">\n<li>Courriel : Envoyez-nous un courriel \u00e0 l&rsquo;adresse support@cryptotact.net et attendez-vous \u00e0 une r\u00e9ponse rapide de notre \u00e9quipe d&rsquo;assistance sp\u00e9cialis\u00e9e.<\/li>\n\n\n\n<li>Formulaire de retour d&rsquo;information : Vous avez des suggestions ou des id\u00e9es pour am\u00e9liorer notre plateforme ?\nRemplissez notre formulaire de commentaires, et nous prendrons en compte vos commentaires pour continuer \u00e0 am\u00e9liorer CryptoTact. <\/li>\n<\/ol>\n\n\n\n<div class=\"wpcf7 no-js\" id=\"wpcf7-f162-o1\" lang=\"en-US\" dir=\"ltr\">\n<div class=\"screen-reader-response\"><p role=\"status\" aria-live=\"polite\" aria-atomic=\"true\"><\/p> <ul><\/ul><\/div>\n<form action=\"\/fr\/wp-json\/wp\/v2\/pages\/447#wpcf7-f162-o1\" method=\"post\" class=\"wpcf7-form init\" aria-label=\"Contact form\" novalidate=\"novalidate\" data-status=\"init\">\n<div style=\"display: none;\">\n<input type=\"hidden\" name=\"_wpcf7\" value=\"162\" \/>\n<input type=\"hidden\" name=\"_wpcf7_version\" value=\"5.9.4\" \/>\n<input type=\"hidden\" name=\"_wpcf7_locale\" value=\"en_US\" \/>\n<input type=\"hidden\" name=\"_wpcf7_unit_tag\" value=\"wpcf7-f162-o1\" \/>\n<input type=\"hidden\" name=\"_wpcf7_container_post\" value=\"0\" \/>\n<input type=\"hidden\" name=\"_wpcf7_posted_data_hash\" value=\"\" \/>\n<\/div>\n<div class=\"cta_form\">\n\t<div class=\"row\">\n\t\t<div class=\"col-xxl-6 col-xl-6 col-lg-6 col-md-12 col-12\">\n\t\t\t<p><span class=\"wpcf7-form-control-wrap\" data-name=\"fname\"><input size=\"40\" class=\"wpcf7-form-control wpcf7-text wpcf7-validates-as-required\" aria-required=\"true\" aria-invalid=\"false\" placeholder=\"First Name\" value=\"\" type=\"text\" name=\"fname\" \/><\/span>\n\t\t\t<\/p>\n\t\t<\/div>\n\t\t<div class=\"col-xxl-6 col-xl-6 col-lg-6 col-md-12 col-12\">\n\t\t\t<p><span class=\"wpcf7-form-control-wrap\" data-name=\"lname\"><input size=\"40\" class=\"wpcf7-form-control wpcf7-text wpcf7-validates-as-required\" aria-required=\"true\" aria-invalid=\"false\" placeholder=\"Last Name\" value=\"\" type=\"text\" name=\"lname\" \/><\/span>\n\t\t\t<\/p>\n\t\t<\/div>\n\t<\/div>\n\t<div class=\"row\">\n\t\t<div class=\"col-xxl-6 col-xl-6 col-lg-6 col-md-12 col-12\">\n\t\t\t<p><span class=\"wpcf7-form-control-wrap\" data-name=\"email-36\"><input size=\"40\" class=\"wpcf7-form-control wpcf7-email wpcf7-validates-as-required wpcf7-text wpcf7-validates-as-email\" aria-required=\"true\" aria-invalid=\"false\" placeholder=\"E-mail\" value=\"\" type=\"email\" name=\"email-36\" \/><\/span>\n\t\t\t<\/p>\n\t\t<\/div>\n\t\t<div class=\"col-xxl-6 col-xl-6 col-lg-6 col-md-12 col-12\">\n\t\t\t<p><span class=\"wpcf7-form-control-wrap\" data-name=\"tel-246\"><input size=\"40\" class=\"wpcf7-form-control wpcf7-tel wpcf7-validates-as-required wpcf7-text wpcf7-validates-as-tel\" aria-required=\"true\" aria-invalid=\"false\" placeholder=\"Phone\" value=\"\" type=\"tel\" name=\"tel-246\" \/><\/span>\n\t\t\t<\/p>\n\t\t<\/div>\n\t<\/div>\n\t<div class=\"row\">\n\t\t<div class=\"col-12\">\n\t\t\t<p><input class=\"wpcf7-form-control wpcf7-submit has-spinner\" type=\"submit\" value=\"Send your contact details\" \/>\n\t\t\t<\/p>\n\t\t<\/div>\n\t<\/div>\n\t<div class=\"footer_form\">\n\t\t<p>By creating an account, you are agreeing to our <a href=\"#\">Terms of Use<\/a> and <a href=\"#\">Privacy Policy<\/a>\n\t\t<\/p>\n\t<\/div>\n<\/div><div class=\"wpcf7-response-output\" aria-hidden=\"true\"><\/div>\n<\/form>\n<\/div>\n\n<\/div>\n<\/div>\n","protected":false},"excerpt":{"rendered":"<p>Contactez nous Vous pouvez nous contacter par les canaux suivants :<\/p>\n","protected":false},"author":1,"featured_media":0,"parent":0,"menu_order":0,"comment_status":"closed","ping_status":"closed","template":"","meta":{"_acf_changed":false,"inline_featured_image":false,"_monsterinsights_skip_tracking":false,"_monsterinsights_sitenote_active":false,"_monsterinsights_sitenote_note":"","_monsterinsights_sitenote_category":0,"footnotes":""},"class_list":["post-447","page","type-page","status-publish","hentry"],"acf":[],"yoast_head":"<!-- This site is optimized with the Yoast SEO plugin v22.7 - https:\/\/yoast.com\/wordpress\/plugins\/seo\/ -->\n<title>Contactez nous - CryptoTact<\/title>\n<meta name=\"robots\" content=\"index, follow, max-snippet:-1, max-image-preview:large, max-video-preview:-1\" \/>\n<link rel=\"canonical\" href=\"https:\/\/cryptotact.net\/fr\/contactez-nous\/\" \/>\n<meta property=\"og:locale\" content=\"fr_FR\" \/>\n<meta property=\"og:type\" content=\"article\" \/>\n<meta property=\"og:title\" content=\"Contactez nous - CryptoTact\" \/>\n<meta property=\"og:description\" content=\"Contactez nous Vous pouvez nous contacter par les canaux suivants :\" \/>\n<meta property=\"og:url\" content=\"https:\/\/cryptotact.net\/fr\/contactez-nous\/\" \/>\n<meta property=\"og:site_name\" content=\"CryptoTact\" \/>\n<meta property=\"article:modified_time\" content=\"2024-12-19T09:14:08+00:00\" \/>\n<meta name=\"twitter:card\" content=\"summary_large_image\" \/>\n<meta name=\"twitter:label1\" content=\"Dur\u00e9e de lecture estim\u00e9e\" \/>\n\t<meta name=\"twitter:data1\" content=\"1 minute\" \/>\n<script type=\"application\/ld+json\" class=\"yoast-schema-graph\">{\"@context\":\"https:\/\/schema.org\",\"@graph\":[{\"@type\":\"WebPage\",\"@id\":\"https:\/\/cryptotact.net\/fr\/contactez-nous\/\",\"url\":\"https:\/\/cryptotact.net\/fr\/contactez-nous\/\",\"name\":\"Contactez nous - CryptoTact\",\"isPartOf\":{\"@id\":\"https:\/\/cryptotact.net\/fr\/#website\"},\"datePublished\":\"2024-05-10T10:34:43+00:00\",\"dateModified\":\"2024-12-19T09:14:08+00:00\",\"breadcrumb\":{\"@id\":\"https:\/\/cryptotact.net\/fr\/contactez-nous\/#breadcrumb\"},\"inLanguage\":\"fr-FR\",\"potentialAction\":[{\"@type\":\"ReadAction\",\"target\":[\"https:\/\/cryptotact.net\/fr\/contactez-nous\/\"]}]},{\"@type\":\"BreadcrumbList\",\"@id\":\"https:\/\/cryptotact.net\/fr\/contactez-nous\/#breadcrumb\",\"itemListElement\":[{\"@type\":\"ListItem\",\"position\":1,\"name\":\"Home\",\"item\":\"https:\/\/cryptotact.net\/fr\/\"},{\"@type\":\"ListItem\",\"position\":2,\"name\":\"Contactez nous\"}]},{\"@type\":\"WebSite\",\"@id\":\"https:\/\/cryptotact.net\/fr\/#website\",\"url\":\"https:\/\/cryptotact.net\/fr\/\",\"name\":\"CryptoTact\",\"description\":\"Just another WordPress site\",\"potentialAction\":[{\"@type\":\"SearchAction\",\"target\":{\"@type\":\"EntryPoint\",\"urlTemplate\":\"https:\/\/cryptotact.net\/fr\/?s={search_term_string}\"},\"query-input\":\"required name=search_term_string\"}],\"inLanguage\":\"fr-FR\"}]}<\/script>\n<!-- \/ Yoast SEO plugin. -->","yoast_head_json":{"title":"Contactez nous - CryptoTact","robots":{"index":"index","follow":"follow","max-snippet":"max-snippet:-1","max-image-preview":"max-image-preview:large","max-video-preview":"max-video-preview:-1"},"canonical":"https:\/\/cryptotact.net\/fr\/contactez-nous\/","og_locale":"fr_FR","og_type":"article","og_title":"Contactez nous - CryptoTact","og_description":"Contactez nous Vous pouvez nous contacter par les canaux suivants :","og_url":"https:\/\/cryptotact.net\/fr\/contactez-nous\/","og_site_name":"CryptoTact","article_modified_time":"2024-12-19T09:14:08+00:00","twitter_card":"summary_large_image","twitter_misc":{"Dur\u00e9e de lecture estim\u00e9e":"1 minute"},"schema":{"@context":"https:\/\/schema.org","@graph":[{"@type":"WebPage","@id":"https:\/\/cryptotact.net\/fr\/contactez-nous\/","url":"https:\/\/cryptotact.net\/fr\/contactez-nous\/","name":"Contactez nous - CryptoTact","isPartOf":{"@id":"https:\/\/cryptotact.net\/fr\/#website"},"datePublished":"2024-05-10T10:34:43+00:00","dateModified":"2024-12-19T09:14:08+00:00","breadcrumb":{"@id":"https:\/\/cryptotact.net\/fr\/contactez-nous\/#breadcrumb"},"inLanguage":"fr-FR","potentialAction":[{"@type":"ReadAction","target":["https:\/\/cryptotact.net\/fr\/contactez-nous\/"]}]},{"@type":"BreadcrumbList","@id":"https:\/\/cryptotact.net\/fr\/contactez-nous\/#breadcrumb","itemListElement":[{"@type":"ListItem","position":1,"name":"Home","item":"https:\/\/cryptotact.net\/fr\/"},{"@type":"ListItem","position":2,"name":"Contactez nous"}]},{"@type":"WebSite","@id":"https:\/\/cryptotact.net\/fr\/#website","url":"https:\/\/cryptotact.net\/fr\/","name":"CryptoTact","description":"Just another WordPress site","potentialAction":[{"@type":"SearchAction","target":{"@type":"EntryPoint","urlTemplate":"https:\/\/cryptotact.net\/fr\/?s={search_term_string}"},"query-input":"required name=search_term_string"}],"inLanguage":"fr-FR"}]}},"_links":{"self":[{"href":"https:\/\/cryptotact.net\/fr\/wp-json\/wp\/v2\/pages\/447","targetHints":{"allow":["GET"]}}],"collection":[{"href":"https:\/\/cryptotact.net\/fr\/wp-json\/wp\/v2\/pages"}],"about":[{"href":"https:\/\/cryptotact.net\/fr\/wp-json\/wp\/v2\/types\/page"}],"author":[{"embeddable":true,"href":"https:\/\/cryptotact.net\/fr\/wp-json\/wp\/v2\/users\/1"}],"replies":[{"embeddable":true,"href":"https:\/\/cryptotact.net\/fr\/wp-json\/wp\/v2\/comments?post=447"}],"version-history":[{"count":0,"href":"https:\/\/cryptotact.net\/fr\/wp-json\/wp\/v2\/pages\/447\/revisions"}],"wp:attachment":[{"href":"https:\/\/cryptotact.net\/fr\/wp-json\/wp\/v2\/media?parent=447"}],"curies":[{"name":"wp","href":"https:\/\/api.w.org\/{rel}","templated":true}]}}