{"id":274,"date":"2024-05-10T10:34:43","date_gmt":"2024-05-10T10:34:43","guid":{"rendered":"https:\/\/cryptotact.net\/kontaktieren-sie-uns\/"},"modified":"2024-05-10T15:10:20","modified_gmt":"2024-05-10T15:10:20","slug":"kontaktieren-sie-uns","status":"publish","type":"page","link":"https:\/\/cryptotact.net\/de\/kontaktieren-sie-uns\/","title":{"rendered":"Kontaktieren Sie uns"},"content":{"rendered":"\n<h1 class=\"wp-block-heading\">Kontaktieren Sie uns<\/h1>\n\n<div class=\"wp-block-columns is-layout-flex wp-container-core-columns-is-layout-9d6595d7 wp-block-columns-is-layout-flex\">\n<div class=\"wp-block-column is-layout-flow wp-block-column-is-layout-flow\">\r\n\r\n<div class=\"info_block\" id=\"info_block-block_fbc118d0e9f68873b1eda5f8aab5dfaf\">\r\n    <p><span style=\"font-weight: 400;\">Wir sch\u00e4tzen Ihr Feedback, Ihre Fragen und Anfragen. Unser Team bei CryptoTact ist hier, um Sie bei jedem Schritt des Weges zu unterst\u00fctzen. Ganz gleich, ob Sie eine technische Frage haben, Hilfe bei der Einrichtung Ihres Kontos ben\u00f6tigen oder uns einfach Ihre Erfahrungen mitteilen m\u00f6chten, wir haben ein offenes Ohr und helfen Ihnen gerne.<\/span><\/p>\n<\/div>\r\n\r\n<style>\r\n.info_block {\r\n  position: relative;\r\n  display: block;\r\n  width: 100%;\r\n  margin: 40px auto;\r\n  padding: 13px 16px;\r\n  border-radius: 10px;\r\n  background: rgba(221,79,51,0.05);\r\n}\r\n.info_block h3 {\r\n  font-size: 1em;\r\n  color: #dd4f33;\r\n  font-weight: 500;\r\n}\r\n<\/style><\/div>\n\n\n\n<div class=\"wp-block-column is-layout-flow wp-block-column-is-layout-flow\">\n<h2 class=\"wp-block-heading\">Sie k\u00f6nnen uns \u00fcber die folgenden Kan\u00e4le erreichen:<\/h2>\n\n\n\n<ol class=\"wp-block-list\">\n<li>E-Mail: Schreiben Sie uns eine E-Mail an support@cryptotact.net und erwarten Sie eine prompte Antwort von unserem engagierten Support-Team.<\/li>\n\n\n\n<li>Feedback-Formular: Haben Sie Vorschl\u00e4ge oder Ideen, wie wir unsere Plattform verbessern k\u00f6nnen? F\u00fcllen Sie unser Feedback-Formular aus, und wir werden Ihre Anregungen bei der weiteren Verbesserung von CryptoTact ber\u00fccksichtigen.<\/li>\n<\/ol>\n\n\n\n<div class=\"wpcf7 no-js\" id=\"wpcf7-f162-o1\" lang=\"en-US\" dir=\"ltr\">\n<div class=\"screen-reader-response\"><p role=\"status\" aria-live=\"polite\" aria-atomic=\"true\"><\/p> <ul><\/ul><\/div>\n<form action=\"\/de\/wp-json\/wp\/v2\/pages\/274#wpcf7-f162-o1\" method=\"post\" class=\"wpcf7-form init\" aria-label=\"Contact form\" novalidate=\"novalidate\" data-status=\"init\">\n<div style=\"display: none;\">\n<input type=\"hidden\" name=\"_wpcf7\" value=\"162\" \/>\n<input type=\"hidden\" name=\"_wpcf7_version\" value=\"5.9.4\" \/>\n<input type=\"hidden\" name=\"_wpcf7_locale\" value=\"en_US\" \/>\n<input type=\"hidden\" name=\"_wpcf7_unit_tag\" value=\"wpcf7-f162-o1\" \/>\n<input type=\"hidden\" name=\"_wpcf7_container_post\" value=\"0\" \/>\n<input type=\"hidden\" name=\"_wpcf7_posted_data_hash\" value=\"\" \/>\n<\/div>\n<div class=\"cta_form\">\n\t<div class=\"row\">\n\t\t<div class=\"col-xxl-6 col-xl-6 col-lg-6 col-md-12 col-12\">\n\t\t\t<p><span class=\"wpcf7-form-control-wrap\" data-name=\"fname\"><input size=\"40\" class=\"wpcf7-form-control wpcf7-text wpcf7-validates-as-required\" aria-required=\"true\" aria-invalid=\"false\" placeholder=\"First Name\" value=\"\" type=\"text\" name=\"fname\" \/><\/span>\n\t\t\t<\/p>\n\t\t<\/div>\n\t\t<div class=\"col-xxl-6 col-xl-6 col-lg-6 col-md-12 col-12\">\n\t\t\t<p><span class=\"wpcf7-form-control-wrap\" data-name=\"lname\"><input size=\"40\" class=\"wpcf7-form-control wpcf7-text wpcf7-validates-as-required\" aria-required=\"true\" aria-invalid=\"false\" placeholder=\"Last Name\" value=\"\" type=\"text\" name=\"lname\" \/><\/span>\n\t\t\t<\/p>\n\t\t<\/div>\n\t<\/div>\n\t<div class=\"row\">\n\t\t<div class=\"col-xxl-6 col-xl-6 col-lg-6 col-md-12 col-12\">\n\t\t\t<p><span class=\"wpcf7-form-control-wrap\" data-name=\"email-36\"><input size=\"40\" class=\"wpcf7-form-control wpcf7-email wpcf7-validates-as-required wpcf7-text wpcf7-validates-as-email\" aria-required=\"true\" aria-invalid=\"false\" placeholder=\"E-mail\" value=\"\" type=\"email\" name=\"email-36\" \/><\/span>\n\t\t\t<\/p>\n\t\t<\/div>\n\t\t<div class=\"col-xxl-6 col-xl-6 col-lg-6 col-md-12 col-12\">\n\t\t\t<p><span class=\"wpcf7-form-control-wrap\" data-name=\"tel-246\"><input size=\"40\" class=\"wpcf7-form-control wpcf7-tel wpcf7-validates-as-required wpcf7-text wpcf7-validates-as-tel\" aria-required=\"true\" aria-invalid=\"false\" placeholder=\"Phone\" value=\"\" type=\"tel\" name=\"tel-246\" \/><\/span>\n\t\t\t<\/p>\n\t\t<\/div>\n\t<\/div>\n\t<div class=\"row\">\n\t\t<div class=\"col-12\">\n\t\t\t<p><input class=\"wpcf7-form-control wpcf7-submit has-spinner\" type=\"submit\" value=\"Send your contact details\" \/>\n\t\t\t<\/p>\n\t\t<\/div>\n\t<\/div>\n\t<div class=\"footer_form\">\n\t\t<p>By creating an account, you are agreeing to our <a href=\"#\">Terms of Use<\/a> and <a href=\"#\">Privacy Policy<\/a>\n\t\t<\/p>\n\t<\/div>\n<\/div><div class=\"wpcf7-response-output\" aria-hidden=\"true\"><\/div>\n<\/form>\n<\/div>\n\n<\/div>\n<\/div>\n","protected":false},"excerpt":{"rendered":"<p>Kontaktieren Sie uns Sie k\u00f6nnen uns \u00fcber die folgenden Kan\u00e4le erreichen:<\/p>\n","protected":false},"author":1,"featured_media":0,"parent":0,"menu_order":0,"comment_status":"closed","ping_status":"closed","template":"","meta":{"_acf_changed":false,"inline_featured_image":false,"_monsterinsights_skip_tracking":false,"_monsterinsights_sitenote_active":false,"_monsterinsights_sitenote_note":"","_monsterinsights_sitenote_category":0,"footnotes":""},"class_list":["post-274","page","type-page","status-publish","hentry"],"acf":[],"yoast_head":"<!-- This site is optimized with the Yoast SEO plugin v22.7 - https:\/\/yoast.com\/wordpress\/plugins\/seo\/ -->\n<title>Kontaktieren Sie uns - CryptoTact<\/title>\n<meta name=\"robots\" content=\"index, follow, max-snippet:-1, max-image-preview:large, max-video-preview:-1\" \/>\n<link rel=\"canonical\" href=\"https:\/\/cryptotact.net\/de\/kontaktieren-sie-uns\/\" \/>\n<meta property=\"og:locale\" content=\"de_DE\" \/>\n<meta property=\"og:type\" content=\"article\" \/>\n<meta property=\"og:title\" content=\"Kontaktieren Sie uns - CryptoTact\" \/>\n<meta property=\"og:description\" content=\"Kontaktieren Sie uns Sie k\u00f6nnen uns \u00fcber die folgenden Kan\u00e4le erreichen:\" \/>\n<meta property=\"og:url\" content=\"https:\/\/cryptotact.net\/de\/kontaktieren-sie-uns\/\" \/>\n<meta property=\"og:site_name\" content=\"CryptoTact\" \/>\n<meta property=\"article:modified_time\" content=\"2024-05-10T15:10:20+00:00\" \/>\n<meta name=\"twitter:card\" content=\"summary_large_image\" \/>\n<script type=\"application\/ld+json\" class=\"yoast-schema-graph\">{\"@context\":\"https:\/\/schema.org\",\"@graph\":[{\"@type\":\"WebPage\",\"@id\":\"https:\/\/cryptotact.net\/de\/kontaktieren-sie-uns\/\",\"url\":\"https:\/\/cryptotact.net\/de\/kontaktieren-sie-uns\/\",\"name\":\"Kontaktieren Sie uns - CryptoTact\",\"isPartOf\":{\"@id\":\"https:\/\/cryptotact.net\/de\/#website\"},\"datePublished\":\"2024-05-10T10:34:43+00:00\",\"dateModified\":\"2024-05-10T15:10:20+00:00\",\"breadcrumb\":{\"@id\":\"https:\/\/cryptotact.net\/de\/kontaktieren-sie-uns\/#breadcrumb\"},\"inLanguage\":\"de\",\"potentialAction\":[{\"@type\":\"ReadAction\",\"target\":[\"https:\/\/cryptotact.net\/de\/kontaktieren-sie-uns\/\"]}]},{\"@type\":\"BreadcrumbList\",\"@id\":\"https:\/\/cryptotact.net\/de\/kontaktieren-sie-uns\/#breadcrumb\",\"itemListElement\":[{\"@type\":\"ListItem\",\"position\":1,\"name\":\"Home\",\"item\":\"https:\/\/cryptotact.net\/de\/\"},{\"@type\":\"ListItem\",\"position\":2,\"name\":\"Kontaktieren Sie uns\"}]},{\"@type\":\"WebSite\",\"@id\":\"https:\/\/cryptotact.net\/de\/#website\",\"url\":\"https:\/\/cryptotact.net\/de\/\",\"name\":\"CryptoTact\",\"description\":\"Just another WordPress site\",\"potentialAction\":[{\"@type\":\"SearchAction\",\"target\":{\"@type\":\"EntryPoint\",\"urlTemplate\":\"https:\/\/cryptotact.net\/de\/?s={search_term_string}\"},\"query-input\":\"required name=search_term_string\"}],\"inLanguage\":\"de\"}]}<\/script>\n<!-- \/ Yoast SEO plugin. -->","yoast_head_json":{"title":"Kontaktieren Sie uns - CryptoTact","robots":{"index":"index","follow":"follow","max-snippet":"max-snippet:-1","max-image-preview":"max-image-preview:large","max-video-preview":"max-video-preview:-1"},"canonical":"https:\/\/cryptotact.net\/de\/kontaktieren-sie-uns\/","og_locale":"de_DE","og_type":"article","og_title":"Kontaktieren Sie uns - CryptoTact","og_description":"Kontaktieren Sie uns Sie k\u00f6nnen uns \u00fcber die folgenden Kan\u00e4le erreichen:","og_url":"https:\/\/cryptotact.net\/de\/kontaktieren-sie-uns\/","og_site_name":"CryptoTact","article_modified_time":"2024-05-10T15:10:20+00:00","twitter_card":"summary_large_image","schema":{"@context":"https:\/\/schema.org","@graph":[{"@type":"WebPage","@id":"https:\/\/cryptotact.net\/de\/kontaktieren-sie-uns\/","url":"https:\/\/cryptotact.net\/de\/kontaktieren-sie-uns\/","name":"Kontaktieren Sie uns - CryptoTact","isPartOf":{"@id":"https:\/\/cryptotact.net\/de\/#website"},"datePublished":"2024-05-10T10:34:43+00:00","dateModified":"2024-05-10T15:10:20+00:00","breadcrumb":{"@id":"https:\/\/cryptotact.net\/de\/kontaktieren-sie-uns\/#breadcrumb"},"inLanguage":"de","potentialAction":[{"@type":"ReadAction","target":["https:\/\/cryptotact.net\/de\/kontaktieren-sie-uns\/"]}]},{"@type":"BreadcrumbList","@id":"https:\/\/cryptotact.net\/de\/kontaktieren-sie-uns\/#breadcrumb","itemListElement":[{"@type":"ListItem","position":1,"name":"Home","item":"https:\/\/cryptotact.net\/de\/"},{"@type":"ListItem","position":2,"name":"Kontaktieren Sie uns"}]},{"@type":"WebSite","@id":"https:\/\/cryptotact.net\/de\/#website","url":"https:\/\/cryptotact.net\/de\/","name":"CryptoTact","description":"Just another WordPress site","potentialAction":[{"@type":"SearchAction","target":{"@type":"EntryPoint","urlTemplate":"https:\/\/cryptotact.net\/de\/?s={search_term_string}"},"query-input":"required name=search_term_string"}],"inLanguage":"de"}]}},"_links":{"self":[{"href":"https:\/\/cryptotact.net\/de\/wp-json\/wp\/v2\/pages\/274","targetHints":{"allow":["GET"]}}],"collection":[{"href":"https:\/\/cryptotact.net\/de\/wp-json\/wp\/v2\/pages"}],"about":[{"href":"https:\/\/cryptotact.net\/de\/wp-json\/wp\/v2\/types\/page"}],"author":[{"embeddable":true,"href":"https:\/\/cryptotact.net\/de\/wp-json\/wp\/v2\/users\/1"}],"replies":[{"embeddable":true,"href":"https:\/\/cryptotact.net\/de\/wp-json\/wp\/v2\/comments?post=274"}],"version-history":[{"count":0,"href":"https:\/\/cryptotact.net\/de\/wp-json\/wp\/v2\/pages\/274\/revisions"}],"wp:attachment":[{"href":"https:\/\/cryptotact.net\/de\/wp-json\/wp\/v2\/media?parent=274"}],"curies":[{"name":"wp","href":"https:\/\/api.w.org\/{rel}","templated":true}]}}